{"id":2360,"date":"2024-01-15T10:39:58","date_gmt":"2024-01-15T10:39:58","guid":{"rendered":"https:\/\/thepixelcurve.com\/edubin\/lp\/?page_id=2360"},"modified":"2025-08-09T06:49:23","modified_gmt":"2025-08-09T06:49:23","slug":"2-columns","status":"publish","type":"page","link":"https:\/\/ivyhub.az\/en\/2-columns\/","title":{"rendered":"2 Columns"},"content":{"rendered":"<div data-elementor-type=\"wp-page\" data-elementor-id=\"2360\" class=\"elementor elementor-2360\">\n\t\t\t\t<div class=\"elementor-element elementor-element-feb068c e-flex e-con-boxed e-con e-parent\" data-id=\"feb068c\" data-element_type=\"container\" data-e-type=\"container\">\n\t\t\t\t\t<div class=\"e-con-inner\">\n\t\t\t\t<div class=\"elementor-element elementor-element-37edeae elementor-widget elementor-widget-edubin-latest-post\" data-id=\"37edeae\" data-element_type=\"widget\" data-e-type=\"widget\" data-widget_type=\"edubin-latest-post.default\">\n\t\t\t\t<div class=\"elementor-widget-container\">\n\t\t\t\t\t            \n            <div class=\"row tpc_g_30 edubin-latest-news layout-5\">\n    \n                    \n                    \n              \n                        <div class=\"edubin-col-12 edubin-col-sm-6 edubin-col-md-6 edubin-col-lg-6 6\">\n                            <div class=\"single-news\"  data-sal>\n                                                                    <div class=\"news-thum\">\n                                        <a href=\"https:\/\/ivyhub.az\/en\/ingilisdili-kursu\/\">\n                                            <img fetchpriority=\"high\" decoding=\"async\" width=\"640\" height=\"360\" src=\"https:\/\/ivyhub.az\/wp-content\/uploads\/2026\/03\/ingilis-dili-kursu-1-768x432.png\" class=\"attachment-medium_large size-medium_large wp-post-image\" alt=\"ingilis dili kursu\" srcset=\"https:\/\/ivyhub.az\/wp-content\/uploads\/2026\/03\/ingilis-dili-kursu-1-768x432.png 768w, https:\/\/ivyhub.az\/wp-content\/uploads\/2026\/03\/ingilis-dili-kursu-1-300x169.png 300w, https:\/\/ivyhub.az\/wp-content\/uploads\/2026\/03\/ingilis-dili-kursu-1-1024x576.png 1024w, https:\/\/ivyhub.az\/wp-content\/uploads\/2026\/03\/ingilis-dili-kursu-1-1536x864.png 1536w, https:\/\/ivyhub.az\/wp-content\/uploads\/2026\/03\/ingilis-dili-kursu-1-18x10.png 18w, https:\/\/ivyhub.az\/wp-content\/uploads\/2026\/03\/ingilis-dili-kursu-1-600x338.png 600w, https:\/\/ivyhub.az\/wp-content\/uploads\/2026\/03\/ingilis-dili-kursu-1.png 1920w\" sizes=\"(max-width: 640px) 100vw, 640px\" \/>                                        <\/a>\n                                                                            <\/div>\n                                    \n                                    <div class=\"news-cont\">\n                                                                                <ul>\n                                                                                            <li><a href=\"https:\/\/ivyhub.az\/en\/2026\/03\/15\/\"><i class=\"flaticon-calendar\"><\/i>15 March 2026 <\/a><\/li>\n                                                                                                                                        <li><i class=\"flaticon-user\"><\/i><a href=\"https:\/\/ivyhub.az\/en\/author\/nesibovkenan914gmail-com\/\"> nesibovkenan914@gmail.com<\/a><\/li>\n                                                                                    <\/ul>\n                                                                                    <a href=\"https:\/\/ivyhub.az\/en\/ingilisdili-kursu\/\"><h3 class=\"news-title\">0-dan \u0130ngilis dili kursuna qo\u015ful<\/h3><\/a>\n                                                                                                                            <p>0-dan ingilis dilini \u00f6yr\u0259nm\u0259k \u00fc\u00e7\u00fcn t\u0259limimiz\u0259 siz d\u0259 qo\u015fulun<\/p>\n                                                                                    \n                                    <\/div>\n                            <\/div> <!-- single news -->\n                        <\/div>\n          \n    \n                            \n                    \n              \n                        <div class=\"edubin-col-12 edubin-col-sm-6 edubin-col-md-6 edubin-col-lg-6 6\">\n                            <div class=\"single-news\"  data-sal>\n                                                                    <div class=\"news-thum\">\n                                        <a href=\"https:\/\/ivyhub.az\/en\/xaricde-tehsil\/\">\n                                            <img decoding=\"async\" width=\"640\" height=\"360\" src=\"https:\/\/ivyhub.az\/wp-content\/uploads\/2026\/03\/Xaricd\u0259-t\u0259hsil-768x432.png\" class=\"attachment-medium_large size-medium_large wp-post-image\" alt=\"Xaricd\u0259 t\u0259hsil\" srcset=\"https:\/\/ivyhub.az\/wp-content\/uploads\/2026\/03\/Xaricd\u0259-t\u0259hsil-768x432.png 768w, https:\/\/ivyhub.az\/wp-content\/uploads\/2026\/03\/Xaricd\u0259-t\u0259hsil-300x169.png 300w, https:\/\/ivyhub.az\/wp-content\/uploads\/2026\/03\/Xaricd\u0259-t\u0259hsil-1024x576.png 1024w, https:\/\/ivyhub.az\/wp-content\/uploads\/2026\/03\/Xaricd\u0259-t\u0259hsil-1536x864.png 1536w, https:\/\/ivyhub.az\/wp-content\/uploads\/2026\/03\/Xaricd\u0259-t\u0259hsil-18x10.png 18w, https:\/\/ivyhub.az\/wp-content\/uploads\/2026\/03\/Xaricd\u0259-t\u0259hsil-600x338.png 600w, https:\/\/ivyhub.az\/wp-content\/uploads\/2026\/03\/Xaricd\u0259-t\u0259hsil.png 1920w\" sizes=\"(max-width: 640px) 100vw, 640px\" \/>                                        <\/a>\n                                                                            <\/div>\n                                    \n                                    <div class=\"news-cont\">\n                                                                                <ul>\n                                                                                            <li><a href=\"https:\/\/ivyhub.az\/en\/2026\/03\/15\/\"><i class=\"flaticon-calendar\"><\/i>15 March 2026 <\/a><\/li>\n                                                                                                                                        <li><i class=\"flaticon-user\"><\/i><a href=\"https:\/\/ivyhub.az\/en\/author\/nesibovkenan914gmail-com\/\"> nesibovkenan914@gmail.com<\/a><\/li>\n                                                                                    <\/ul>\n                                                                                    <a href=\"https:\/\/ivyhub.az\/en\/xaricde-tehsil\/\"><h3 class=\"news-title\">Xaricd\u0259 t\u0259hsil almaq \u00fc\u00e7\u00fcn n\u0259 etm\u0259lisiniz?<\/h3><\/a>\n                                                                                                                            <p>Xaricd\u0259 t\u0259hsil almaq \u00fc\u00e7\u00fcn ingilis dili kursumuza qo\u015fula bil\u0259rsiniz<\/p>\n                                                                                    \n                                    <\/div>\n                            <\/div> <!-- single news -->\n                        <\/div>\n          \n    \n                            \n                    \n              \n                        <div class=\"edubin-col-12 edubin-col-sm-6 edubin-col-md-6 edubin-col-lg-6 6\">\n                            <div class=\"single-news\"  data-sal>\n                                                                    <div class=\"news-thum\">\n                                        <a href=\"https:\/\/ivyhub.az\/en\/sat-imtahani-ucun-bunu-bilmelisen\/\">\n                                            <img decoding=\"async\" width=\"640\" height=\"360\" src=\"https:\/\/ivyhub.az\/wp-content\/uploads\/2026\/02\/SAT-Imtahani-768x432.png\" class=\"attachment-medium_large size-medium_large wp-post-image\" alt=\"SAT \u0130mtahan\u0131\" srcset=\"https:\/\/ivyhub.az\/wp-content\/uploads\/2026\/02\/SAT-Imtahani-768x432.png 768w, https:\/\/ivyhub.az\/wp-content\/uploads\/2026\/02\/SAT-Imtahani-300x169.png 300w, https:\/\/ivyhub.az\/wp-content\/uploads\/2026\/02\/SAT-Imtahani-1024x576.png 1024w, https:\/\/ivyhub.az\/wp-content\/uploads\/2026\/02\/SAT-Imtahani-1536x864.png 1536w, https:\/\/ivyhub.az\/wp-content\/uploads\/2026\/02\/SAT-Imtahani-18x10.png 18w, https:\/\/ivyhub.az\/wp-content\/uploads\/2026\/02\/SAT-Imtahani-600x338.png 600w, https:\/\/ivyhub.az\/wp-content\/uploads\/2026\/02\/SAT-Imtahani.png 1920w\" sizes=\"(max-width: 640px) 100vw, 640px\" \/>                                        <\/a>\n                                                                            <\/div>\n                                    \n                                    <div class=\"news-cont\">\n                                                                                <ul>\n                                                                                            <li><a href=\"https:\/\/ivyhub.az\/en\/2026\/02\/25\/\"><i class=\"flaticon-calendar\"><\/i>25 February 2026 <\/a><\/li>\n                                                                                                                                        <li><i class=\"flaticon-user\"><\/i><a href=\"https:\/\/ivyhub.az\/en\/author\/nesibovkenan914gmail-com\/\"> nesibovkenan914@gmail.com<\/a><\/li>\n                                                                                    <\/ul>\n                                                                                    <a href=\"https:\/\/ivyhub.az\/en\/sat-imtahani-ucun-bunu-bilmelisen\/\"><h3 class=\"news-title\">SAT imtahan\u0131 \u00fc\u00e7\u00fcn bunlar\u0131 bilm\u0259lis\u0259n<\/h3><\/a>\n                                                                                                                            <p>SAT imtahan\u0131 AB\u015e v\u0259 bir \u00e7ox \u00f6lk\u0259d\u0259 universitet\u0259 q\u0259bul \u00fc\u00e7\u00fcn t\u0259l\u0259b olunan<\/p>\n                                                                                    \n                                    <\/div>\n                            <\/div> <!-- single news -->\n                        <\/div>\n          \n    \n                            \n                    \n              \n                        <div class=\"edubin-col-12 edubin-col-sm-6 edubin-col-md-6 edubin-col-lg-6 6\">\n                            <div class=\"single-news\"  data-sal>\n                                                                    <div class=\"news-thum\">\n                                        <a href=\"https:\/\/ivyhub.az\/en\/ingilis-dili-kursu-2\/\">\n                                            <img loading=\"lazy\" decoding=\"async\" width=\"640\" height=\"360\" src=\"https:\/\/ivyhub.az\/wp-content\/uploads\/2026\/02\/ingilis-dili-kursu-768x432.png\" class=\"attachment-medium_large size-medium_large wp-post-image\" alt=\"ingilis dili kursu\" srcset=\"https:\/\/ivyhub.az\/wp-content\/uploads\/2026\/02\/ingilis-dili-kursu-768x432.png 768w, https:\/\/ivyhub.az\/wp-content\/uploads\/2026\/02\/ingilis-dili-kursu-300x169.png 300w, https:\/\/ivyhub.az\/wp-content\/uploads\/2026\/02\/ingilis-dili-kursu-1024x576.png 1024w, https:\/\/ivyhub.az\/wp-content\/uploads\/2026\/02\/ingilis-dili-kursu-1536x864.png 1536w, https:\/\/ivyhub.az\/wp-content\/uploads\/2026\/02\/ingilis-dili-kursu-2048x1152.png 2048w, https:\/\/ivyhub.az\/wp-content\/uploads\/2026\/02\/ingilis-dili-kursu-18x10.png 18w, https:\/\/ivyhub.az\/wp-content\/uploads\/2026\/02\/ingilis-dili-kursu-600x338.png 600w\" sizes=\"(max-width: 640px) 100vw, 640px\" \/>                                        <\/a>\n                                                                            <\/div>\n                                    \n                                    <div class=\"news-cont\">\n                                                                                <ul>\n                                                                                            <li><a href=\"https:\/\/ivyhub.az\/en\/2026\/02\/11\/\"><i class=\"flaticon-calendar\"><\/i>11 February 2026 <\/a><\/li>\n                                                                                                                                        <li><i class=\"flaticon-user\"><\/i><a href=\"https:\/\/ivyhub.az\/en\/author\/nesibovkenan914gmail-com\/\"> nesibovkenan914@gmail.com<\/a><\/li>\n                                                                                    <\/ul>\n                                                                                    <a href=\"https:\/\/ivyhub.az\/en\/ingilis-dili-kursu-2\/\"><h3 class=\"news-title\">\u0130ngilis dili kursu axtar\u0131rsan?<\/h3><\/a>\n                                                                                                                            <p>Pe\u015f\u0259kar ingilis dili kursu axtar\u0131rsansa s\u0259n\u0259 \u0259la f\u00fcrs\u0259tl\u0259r t\u0259qdim edirik!<\/p>\n                                                                                    \n                                    <\/div>\n                            <\/div> <!-- single news -->\n                        <\/div>\n          \n    \n                            \n                    \n              \n                        <div class=\"edubin-col-12 edubin-col-sm-6 edubin-col-md-6 edubin-col-lg-6 6\">\n                            <div class=\"single-news\"  data-sal>\n                                                                    <div class=\"news-thum\">\n                                        <a href=\"https:\/\/ivyhub.az\/en\/pulsuz-tehsil-veren-avropa-olkeleri\/\">\n                                            <img loading=\"lazy\" decoding=\"async\" width=\"640\" height=\"427\" src=\"https:\/\/ivyhub.az\/wp-content\/uploads\/2026\/01\/6-Study-Abroad-1185326263-andresr_7952x5304-768x512.jpg\" class=\"attachment-medium_large size-medium_large wp-post-image\" alt=\"Pulsuz t\u0259hsil ver\u0259n Avropa \u00f6lk\u0259l\u0259ri\" srcset=\"https:\/\/ivyhub.az\/wp-content\/uploads\/2026\/01\/6-Study-Abroad-1185326263-andresr_7952x5304-768x512.jpg 768w, https:\/\/ivyhub.az\/wp-content\/uploads\/2026\/01\/6-Study-Abroad-1185326263-andresr_7952x5304-300x200.jpg 300w, https:\/\/ivyhub.az\/wp-content\/uploads\/2026\/01\/6-Study-Abroad-1185326263-andresr_7952x5304-1024x683.jpg 1024w, https:\/\/ivyhub.az\/wp-content\/uploads\/2026\/01\/6-Study-Abroad-1185326263-andresr_7952x5304-1536x1025.jpg 1536w, https:\/\/ivyhub.az\/wp-content\/uploads\/2026\/01\/6-Study-Abroad-1185326263-andresr_7952x5304-2048x1366.jpg 2048w, https:\/\/ivyhub.az\/wp-content\/uploads\/2026\/01\/6-Study-Abroad-1185326263-andresr_7952x5304-18x12.jpg 18w, https:\/\/ivyhub.az\/wp-content\/uploads\/2026\/01\/6-Study-Abroad-1185326263-andresr_7952x5304-600x400.jpg 600w\" sizes=\"(max-width: 640px) 100vw, 640px\" \/>                                        <\/a>\n                                                                            <\/div>\n                                    \n                                    <div class=\"news-cont\">\n                                                                                <ul>\n                                                                                            <li><a href=\"https:\/\/ivyhub.az\/en\/2026\/01\/22\/\"><i class=\"flaticon-calendar\"><\/i>22 January 2026 <\/a><\/li>\n                                                                                                                                        <li><i class=\"flaticon-user\"><\/i><a href=\"https:\/\/ivyhub.az\/en\/author\/nesibovkenan914gmail-com\/\"> nesibovkenan914@gmail.com<\/a><\/li>\n                                                                                    <\/ul>\n                                                                                    <a href=\"https:\/\/ivyhub.az\/en\/pulsuz-tehsil-veren-avropa-olkeleri\/\"><h3 class=\"news-title\">Tuition-Free Education in Europe (Updated List for 2026)<\/h3><\/a>\n                                                                                                                            <p>Avropada pulsuz t\u0259hsil n\u0259 dem\u0259kdir? Avropada pulsuz t\u0259hsil dedikd\u0259 \u0259sas\u0259n d\u00f6vl\u0259t universitetl\u0259rind\u0259<\/p>\n                                                                                    \n                                    <\/div>\n                            <\/div> <!-- single news -->\n                        <\/div>\n          \n    \n                            \n                    \n              \n                        <div class=\"edubin-col-12 edubin-col-sm-6 edubin-col-md-6 edubin-col-lg-6 6\">\n                            <div class=\"single-news\"  data-sal>\n                                                                    <div class=\"news-thum\">\n                                        <a href=\"https:\/\/ivyhub.az\/en\/almaniyada-tehsil-sertleri-qebul-ve-telebler\/\">\n                                            <img loading=\"lazy\" decoding=\"async\" width=\"640\" height=\"427\" src=\"https:\/\/ivyhub.az\/wp-content\/uploads\/2026\/01\/german-study-visa-1536x1024-1-768x512.webp\" class=\"attachment-medium_large size-medium_large wp-post-image\" alt=\"Almaniyada t\u0259hsil\" srcset=\"https:\/\/ivyhub.az\/wp-content\/uploads\/2026\/01\/german-study-visa-1536x1024-1-768x512.webp 768w, https:\/\/ivyhub.az\/wp-content\/uploads\/2026\/01\/german-study-visa-1536x1024-1-300x200.webp 300w, https:\/\/ivyhub.az\/wp-content\/uploads\/2026\/01\/german-study-visa-1536x1024-1-1024x683.webp 1024w, https:\/\/ivyhub.az\/wp-content\/uploads\/2026\/01\/german-study-visa-1536x1024-1-18x12.webp 18w, https:\/\/ivyhub.az\/wp-content\/uploads\/2026\/01\/german-study-visa-1536x1024-1-600x400.webp 600w, https:\/\/ivyhub.az\/wp-content\/uploads\/2026\/01\/german-study-visa-1536x1024-1.webp 1536w\" sizes=\"(max-width: 640px) 100vw, 640px\" \/>                                        <\/a>\n                                                                            <\/div>\n                                    \n                                    <div class=\"news-cont\">\n                                                                                <ul>\n                                                                                            <li><a href=\"https:\/\/ivyhub.az\/en\/2026\/01\/20\/\"><i class=\"flaticon-calendar\"><\/i>20 January 2026 <\/a><\/li>\n                                                                                                                                        <li><i class=\"flaticon-user\"><\/i><a href=\"https:\/\/ivyhub.az\/en\/author\/nesibovkenan914gmail-com\/\"> nesibovkenan914@gmail.com<\/a><\/li>\n                                                                                    <\/ul>\n                                                                                    <a href=\"https:\/\/ivyhub.az\/en\/almaniyada-tehsil-sertleri-qebul-ve-telebler\/\"><h3 class=\"news-title\">Study Requirements in Germany 2026<\/h3><\/a>\n                                                                                                                            <p>Almaniyada T\u0259hsil\u0259 \u00dcmumi Bax\u0131\u015f Almaniya uzun ill\u0259rdir ki, Avropada v\u0259 d\u00fcnyada t\u0259hsil<\/p>\n                                                                                    \n                                    <\/div>\n                            <\/div> <!-- single news -->\n                        <\/div>\n          \n    \n                            \n                            \n                        <nav class=\"edubin-pagination-wrapper tpc-custom-pagination\" role=\"navigation\" aria-label=\"Posts\">\n                            <div class=\"page-number\">\n                                <span aria-label=\"Page 1\" aria-current=\"page\" class=\"page-numbers current\" data-no-translation-aria-label=\"\">1<\/span>\n<a aria-label=\"Page 2\" class=\"page-numbers\" href=\"https:\/\/ivyhub.az\/en\/wp-json\/wp\/v2\/pages\/2360\/page\/2\/\" data-no-translation-aria-label=\"\">2<\/a>\n<span class=\"page-numbers dots\">&hellip;<\/span>\n<a aria-label=\"Page 5\" class=\"page-numbers\" href=\"https:\/\/ivyhub.az\/en\/wp-json\/wp\/v2\/pages\/2360\/page\/5\/\" data-no-translation-aria-label=\"\">5<\/a>\n<a aria-label=\"Page 6\" class=\"page-numbers\" href=\"https:\/\/ivyhub.az\/en\/wp-json\/wp\/v2\/pages\/2360\/page\/6\/\" data-no-translation-aria-label=\"\">6<\/a>\n<a class=\"next page-numbers\" href=\"https:\/\/ivyhub.az\/en\/wp-json\/wp\/v2\/pages\/2360\/page\/2\/\"><i class=\"edubin-pagination-icon flaticon-next\" aria-hidden=\"true\"><\/i><\/a>                            <\/div> <!-- row -->  \n                        <\/nav>\n                                                 <\/div>\n    \n        \n            \t\t\t\t<\/div>\n\t\t\t\t<\/div>\n\t\t\t\t\t<\/div>\n\t\t\t\t<\/div>\n\t\t\t\t<\/div>","protected":false},"excerpt":{"rendered":"<p>09 January 2024 Alex Mohr How to Turn Education into Success Lorem ipsum dolor sit amet, consectetur adipisicing elit, sed do eiusmod tempor 09 January 2024 Hanna Ben What You Should Have Asked Your Teachers Lorem ipsum dolor sit amet, consectetur adipisicing elit, sed do eiusmod tempor 09 January 2024 Mark Alen How to Start&#8230;<\/p>","protected":false},"author":1,"featured_media":0,"parent":0,"menu_order":0,"comment_status":"closed","ping_status":"closed","template":"","meta":{"_joinchat":[],"footnotes":""},"class_list":["post-2360","page","type-page","status-publish","hentry"],"_links":{"self":[{"href":"https:\/\/ivyhub.az\/en\/wp-json\/wp\/v2\/pages\/2360","targetHints":{"allow":["GET"]}}],"collection":[{"href":"https:\/\/ivyhub.az\/en\/wp-json\/wp\/v2\/pages"}],"about":[{"href":"https:\/\/ivyhub.az\/en\/wp-json\/wp\/v2\/types\/page"}],"author":[{"embeddable":true,"href":"https:\/\/ivyhub.az\/en\/wp-json\/wp\/v2\/users\/1"}],"replies":[{"embeddable":true,"href":"https:\/\/ivyhub.az\/en\/wp-json\/wp\/v2\/comments?post=2360"}],"version-history":[{"count":1,"href":"https:\/\/ivyhub.az\/en\/wp-json\/wp\/v2\/pages\/2360\/revisions"}],"predecessor-version":[{"id":18510,"href":"https:\/\/ivyhub.az\/en\/wp-json\/wp\/v2\/pages\/2360\/revisions\/18510"}],"wp:attachment":[{"href":"https:\/\/ivyhub.az\/en\/wp-json\/wp\/v2\/media?parent=2360"}],"curies":[{"name":"wp","href":"https:\/\/api.w.org\/{rel}","templated":true}]}}