{"id":2423,"date":"2024-01-15T13:07:33","date_gmt":"2024-01-15T13:07:33","guid":{"rendered":"https:\/\/thepixelcurve.com\/edubin\/lp\/?page_id=2423"},"modified":"2024-01-15T13:07:33","modified_gmt":"2024-01-15T13:07:33","slug":"tut-course-grid-04","status":"publish","type":"page","link":"https:\/\/ivyhub.az\/en\/tut-course-grid-04\/","title":{"rendered":"Course Grid 04"},"content":{"rendered":"<div data-elementor-type=\"wp-page\" data-elementor-id=\"2423\" class=\"elementor elementor-2423\">\n\t\t\t\t<div class=\"elementor-element elementor-element-9e50fb5 e-flex e-con-boxed e-con e-parent\" data-id=\"9e50fb5\" data-element_type=\"container\" data-e-type=\"container\">\n\t\t\t\t\t<div class=\"e-con-inner\">\n\t\t\t\t<div class=\"elementor-element elementor-element-9f8df6e elementor-widget elementor-widget-edubin-tutor-course-addons\" data-id=\"9f8df6e\" data-element_type=\"widget\" data-e-type=\"widget\" data-widget_type=\"edubin-tutor-course-addons.default\">\n\t\t\t\t<div class=\"elementor-widget-container\">\n\t\t\t\t\t<div class=\"edubin-course-widget-wrapper\"><div class=\"tpc-tutor-archive-courses edubin-course-archive edubin-lms-courses-grid edubin-row\">            <div id=\"post-316\" class=\"ielts edubin-course-style-4 edubin-course-4-grid-item edubin-col-lg-4 edubin-col-md-6 edubin-col-sm-12 post-316 courses type-courses status-publish has-post-thumbnail hentry course-category-ielts\" data-sal>\n            <div class=\"edubin-course layout__4\"><div class=\"course__container\"><div class=\"course__media\"><a class=\"course-thumb\" href=\"https:\/\/ivyhub.az\/en\/courses\/ielts-kursu\/\"><img decoding=\"async\" class=\"w-100\" src=\"https:\/\/ivyhub.az\/wp-content\/uploads\/2025\/08\/ielts-hazirligi-590x430.png\" alt=\"ielts hazirligi\"><\/a><div class=\"course__meta-top\"><a href=\"javascript:;\"  class=\"tutor-open-login-modal save-bookmark-btn tutor-iconic-btn tutor-iconic-btn-secondary\" data-course-id=\"316\">\n            <i class=\"tutor-icon-bookmark-line\"><\/i>\n        <\/a><\/div><\/div><div class=\"course__content\"><div class=\"course__content--info\"><div class=\"course__title--info\"><h4 class=\"course__title\"><a class=\"course__title-link\" href=\"https:\/\/ivyhub.az\/en\/courses\/ielts-kursu\/\">IELTS Kursu<\/a><\/h4><\/div><\/div><div class=\"course__border\"><\/div><div class=\"course__content--meta\"><div class=\"course__meta-right\"><div class=\"view-more-btn\"><a href=\"https:\/\/ivyhub.az\/en\/courses\/ielts-kursu\/\">See More<\/a><\/div><\/div><\/div><\/div><\/div><\/div><\/div>            <div id=\"post-274\" class=\"gen-eng edubin-course-style-4 edubin-course-4-grid-item edubin-col-lg-4 edubin-col-md-6 edubin-col-sm-12 post-274 courses type-courses status-publish has-post-thumbnail hentry course-category-gen-eng course-tag-cybersecurity course-tag-data-science course-tag-email-marketing course-tag-ui-ux-design\" data-sal>\n            <div class=\"edubin-course layout__4\"><div class=\"course__container\"><div class=\"course__media\"><a class=\"course-thumb\" href=\"https:\/\/ivyhub.az\/en\/courses\/ingilis-dili-kursu\/\"><img decoding=\"async\" class=\"w-100\" src=\"https:\/\/ivyhub.az\/wp-content\/uploads\/2025\/08\/sat-hazirligi-2-590x430.png\" alt=\"general english\"><\/a><div class=\"course__meta-top\"><a href=\"javascript:;\"  class=\"tutor-open-login-modal save-bookmark-btn tutor-iconic-btn tutor-iconic-btn-secondary\" data-course-id=\"274\">\n            <i class=\"tutor-icon-bookmark-line\"><\/i>\n        <\/a><\/div><\/div><div class=\"course__content\"><div class=\"course__content--info\"><div class=\"course__title--info\"><h4 class=\"course__title\"><a class=\"course__title-link\" href=\"https:\/\/ivyhub.az\/en\/courses\/ingilis-dili-kursu\/\">\u0130ngilis dili kursu<\/a><\/h4><\/div><\/div><div class=\"course__border\"><\/div><div class=\"course__content--meta\"><div class=\"course__meta-right\"><div class=\"view-more-btn\"><a href=\"https:\/\/ivyhub.az\/en\/courses\/ingilis-dili-kursu\/\">See More<\/a><\/div><\/div><\/div><\/div><\/div><\/div><\/div>            <div id=\"post-336\" class=\"sat edubin-course-style-4 edubin-course-4-grid-item edubin-col-lg-4 edubin-col-md-6 edubin-col-sm-12 post-336 courses type-courses status-publish has-post-thumbnail hentry course-category-sat\" data-sal>\n            <div class=\"edubin-course layout__4\"><div class=\"course__container\"><div class=\"course__media\"><a class=\"course-thumb\" href=\"https:\/\/ivyhub.az\/en\/courses\/sat-riyaziyyat\/\"><img decoding=\"async\" class=\"w-100\" src=\"https:\/\/ivyhub.az\/wp-content\/uploads\/2025\/08\/sat-hazirligi-scaled.png\" alt=\"sat hazirligi\"><\/a><div class=\"course__meta-top\"><a href=\"javascript:;\"  class=\"tutor-open-login-modal save-bookmark-btn tutor-iconic-btn tutor-iconic-btn-secondary\" data-course-id=\"336\">\n            <i class=\"tutor-icon-bookmark-line\"><\/i>\n        <\/a><\/div><\/div><div class=\"course__content\"><div class=\"course__content--info\"><div class=\"course__title--info\"><h4 class=\"course__title\"><a class=\"course__title-link\" href=\"https:\/\/ivyhub.az\/en\/courses\/sat-riyaziyyat\/\">SAT Riyaziyyat v\u0259 ya SAT Verbal Kursu<\/a><\/h4><\/div><\/div><div class=\"course__border\"><\/div><div class=\"course__content--meta\"><div class=\"course__meta-right\"><div class=\"view-more-btn\"><a href=\"https:\/\/ivyhub.az\/en\/courses\/sat-riyaziyyat\/\">See More<\/a><\/div><\/div><\/div><\/div><\/div><\/div><\/div>            <div id=\"post-295\" class=\"toefl edubin-course-style-4 edubin-course-4-grid-item edubin-col-lg-4 edubin-col-md-6 edubin-col-sm-12 post-295 courses type-courses status-publish has-post-thumbnail hentry course-category-toefl\" data-sal>\n            <div class=\"edubin-course layout__4\"><div class=\"course__container\"><div class=\"course__media\"><a class=\"course-thumb\" href=\"https:\/\/ivyhub.az\/en\/courses\/toefl-hazirligi\/\"><img decoding=\"async\" class=\"w-100\" src=\"https:\/\/ivyhub.az\/wp-content\/uploads\/2025\/08\/toefl-hazirligi-590x430.png\" alt=\"Toefl haz\u0131rl\u0131\u011f\u0131\"><\/a><div class=\"course__meta-top\"><a href=\"javascript:;\"  class=\"tutor-open-login-modal save-bookmark-btn tutor-iconic-btn tutor-iconic-btn-secondary\" data-course-id=\"295\">\n            <i class=\"tutor-icon-bookmark-line\"><\/i>\n        <\/a><\/div><\/div><div class=\"course__content\"><div class=\"course__content--info\"><div class=\"course__title--info\"><h4 class=\"course__title\"><a class=\"course__title-link\" href=\"https:\/\/ivyhub.az\/en\/courses\/toefl-hazirligi\/\">systematic TOEFL preparation,<\/a><\/h4><\/div><\/div><div class=\"course__border\"><\/div><div class=\"course__content--meta\"><div class=\"course__meta-right\"><div class=\"view-more-btn\"><a href=\"https:\/\/ivyhub.az\/en\/courses\/toefl-hazirligi\/\">See More<\/a><\/div><\/div><\/div><\/div><\/div><\/div><\/div>            <div id=\"post-18957\" class=\"english-test edubin-course-style-4 edubin-course-4-grid-item edubin-col-lg-4 edubin-col-md-6 edubin-col-sm-12 post-18957 courses type-courses status-publish has-post-thumbnail hentry course-category-english-test\" data-sal>\n            <div class=\"edubin-course layout__4\"><div class=\"course__container\"><div class=\"course__media\"><a class=\"course-thumb\" href=\"https:\/\/ivyhub.az\/en\/courses\/duolingo-hazirligi\/\"><img decoding=\"async\" class=\"w-100\" src=\"https:\/\/ivyhub.az\/wp-content\/uploads\/2025\/08\/duolingo-hazirligi-590x430.png\" alt=\"duolingo hazirligi\"><\/a><div class=\"course__meta-top\"><a href=\"javascript:;\"  class=\"tutor-open-login-modal save-bookmark-btn tutor-iconic-btn tutor-iconic-btn-secondary\" data-course-id=\"18957\">\n            <i class=\"tutor-icon-bookmark-line\"><\/i>\n        <\/a><\/div><\/div><div class=\"course__content\"><div class=\"course__content--info\"><div class=\"course__title--info\"><h4 class=\"course__title\"><a class=\"course__title-link\" href=\"https:\/\/ivyhub.az\/en\/courses\/duolingo-hazirligi\/\">Duolingo English Test<\/a><\/h4><\/div><\/div><div class=\"course__border\"><\/div><div class=\"course__content--meta\"><div class=\"course__meta-right\"><div class=\"view-more-btn\"><a href=\"https:\/\/ivyhub.az\/en\/courses\/duolingo-hazirligi\/\">See More<\/a><\/div><\/div><\/div><\/div><\/div><\/div><\/div>            <div id=\"post-18754\" class=\"2in1 edubin-course-style-4 edubin-course-4-grid-item edubin-col-lg-4 edubin-col-md-6 edubin-col-sm-12 post-18754 courses type-courses status-publish has-post-thumbnail hentry course-category-2in1\" data-sal>\n            <div class=\"edubin-course layout__4\"><div class=\"course__container\"><div class=\"course__media\"><a class=\"course-thumb\" href=\"https:\/\/ivyhub.az\/en\/courses\/kurs-paketi\/\"><img decoding=\"async\" class=\"w-100\" src=\"https:\/\/ivyhub.az\/wp-content\/uploads\/2025\/08\/sat-hazirligi-1-590x430.png\" alt=\"kurs paketi\"><\/a><div class=\"course__meta-top\"><a href=\"javascript:;\"  class=\"tutor-open-login-modal save-bookmark-btn tutor-iconic-btn tutor-iconic-btn-secondary\" data-course-id=\"18754\">\n            <i class=\"tutor-icon-bookmark-line\"><\/i>\n        <\/a><\/div><\/div><div class=\"course__content\"><div class=\"course__content--info\"><div class=\"course__title--info\"><h4 class=\"course__title\"><a class=\"course__title-link\" href=\"https:\/\/ivyhub.az\/en\/courses\/kurs-paketi\/\">Course package<\/a><\/h4><\/div><\/div><div class=\"course__border\"><\/div><div class=\"course__content--meta\"><div class=\"course__meta-right\"><div class=\"view-more-btn\"><a href=\"https:\/\/ivyhub.az\/en\/courses\/kurs-paketi\/\">See More<\/a><\/div><\/div><\/div><\/div><\/div><\/div><\/div> \n     \n<\/div><\/div><nav class=\"edubin-pagination-wrapper tpc-custom-pagination\"><div class=\"page-number\"><span aria-label=\"Page 1\" aria-current=\"page\" class=\"page-numbers current\" data-no-translation-aria-label=\"\">1<\/span>\n<a aria-label=\"Page 2\" class=\"page-numbers\" href=\"https:\/\/ivyhub.az\/en\/wp-json\/wp\/v2\/pages\/2423\/page\/2\/\" data-no-translation-aria-label=\"\">2<\/a>\n<a class=\"next page-numbers\" href=\"https:\/\/ivyhub.az\/en\/wp-json\/wp\/v2\/pages\/2423\/page\/2\/\"><i class=\"edubin-pagination-icon flaticon-next\" aria-hidden=\"true\"><\/i><\/a><\/div><\/nav>\t\t\t\t<\/div>\n\t\t\t\t<\/div>\n\t\t\t\t\t<\/div>\n\t\t\t\t<\/div>\n\t\t\t\t<\/div>","protected":false},"excerpt":{"rendered":"<p>Free Complete Digital Marketing Course (5.00 \/3 Reviews)4 Students11 LessonsView Details &#036;49.00 UX Design Thinking for Beginners (5.00 \/3 Reviews)3 Students13 LessonsView Details Free 30 Days Weight Loss Yoga &#038; Fitness Course (5.00 \/3 Reviews)3 Students13 LessonsView Details &#036;59.00 Learn JavaScript \u2013 Full Course for Beginners (5.00 \/3 Reviews)3 Students14 LessonsView Details Free Basic English&#8230;<\/p>","protected":false},"author":1,"featured_media":0,"parent":0,"menu_order":0,"comment_status":"closed","ping_status":"closed","template":"","meta":{"_joinchat":[],"footnotes":""},"class_list":["post-2423","page","type-page","status-publish","hentry"],"_links":{"self":[{"href":"https:\/\/ivyhub.az\/en\/wp-json\/wp\/v2\/pages\/2423","targetHints":{"allow":["GET"]}}],"collection":[{"href":"https:\/\/ivyhub.az\/en\/wp-json\/wp\/v2\/pages"}],"about":[{"href":"https:\/\/ivyhub.az\/en\/wp-json\/wp\/v2\/types\/page"}],"author":[{"embeddable":true,"href":"https:\/\/ivyhub.az\/en\/wp-json\/wp\/v2\/users\/1"}],"replies":[{"embeddable":true,"href":"https:\/\/ivyhub.az\/en\/wp-json\/wp\/v2\/comments?post=2423"}],"version-history":[{"count":0,"href":"https:\/\/ivyhub.az\/en\/wp-json\/wp\/v2\/pages\/2423\/revisions"}],"wp:attachment":[{"href":"https:\/\/ivyhub.az\/en\/wp-json\/wp\/v2\/media?parent=2423"}],"curies":[{"name":"wp","href":"https:\/\/api.w.org\/{rel}","templated":true}]}}